{"id":1564,"date":"2023-01-16T15:09:25","date_gmt":"2023-01-16T15:09:25","guid":{"rendered":"http:\/\/gasthaus-adler.4dw.de\/?page_id=1564"},"modified":"2023-07-19T14:53:10","modified_gmt":"2023-07-19T14:53:10","slug":"impressum","status":"publish","type":"page","link":"https:\/\/hotel-gasthaus-adler.de\/en\/imprint\/","title":{"rendered":"Imprint"},"content":{"rendered":"<div data-elementor-type=\"wp-page\" data-elementor-id=\"1564\" class=\"elementor elementor-1564\" data-elementor-post-type=\"page\">\n\t\t\t\t\t\t<section class=\"elementor-section elementor-top-section elementor-element elementor-element-b1631a5 elementor-section-boxed elementor-section-height-default elementor-section-height-default\" data-id=\"b1631a5\" data-element_type=\"section\" data-e-type=\"section\">\n\t\t\t\t\t\t<div class=\"elementor-container elementor-column-gap-default\">\n\t\t\t\t\t<div class=\"elementor-column elementor-col-100 elementor-top-column elementor-element elementor-element-34c881c\" data-id=\"34c881c\" data-element_type=\"column\" data-e-type=\"column\">\n\t\t\t<div class=\"elementor-widget-wrap elementor-element-populated\">\n\t\t\t\t\t\t<div class=\"elementor-element elementor-element-e73c55a elementor-widget elementor-widget-text-editor\" data-id=\"e73c55a\" data-element_type=\"widget\" data-e-type=\"widget\" data-widget_type=\"text-editor.default\">\n\t\t\t\t<div class=\"elementor-widget-container\">\n\t\t\t\t\t\t\t\t\t<h2>Imprint<\/h2><h4>Information according to \u00a7 5 TMG<\/h4><p>Alexander B\u00f6sch<br \/>Hotel Gasthaus Adler<br \/>Bundesstr. 15<br \/>88339 Bad Waldsee<\/p><h4>Contact<\/h4><p>Phone: +49 7524 9980<br \/>Fax: +49 7524 998 - 152<br \/>E-mail: <a href=\"mailto:mail@hotel-gasthaus-adler.de\">mail@hotel-gasthaus-adler.de<\/a><\/p><h4>VAT ID<\/h4><p>Sales tax identification number pursuant to \u00a7 27 a of the German Sales Tax Act:<br \/>DE291183930<\/p><h4>Editorially responsible<\/h4><p>Alexander B\u00f6sch<\/p><h4>EU dispute resolution<\/h4><p>The European Commission provides a platform for online dispute resolution (ODR): <a href=\"https:\/\/ec.europa.eu\/consumers\/odr\/\" target=\"_blank\" rel=\"noopener noreferrer\">https:\/\/ec.europa.eu\/consumers\/odr\/<\/a>.<br \/>You can find our e-mail address in the imprint above.<\/p><h4>Consumer Dispute Resolution\/Universal Arbitration Board<\/h4><p>We participate in a dispute resolution procedure before a consumer arbitration board. The universal arbitration board of the Zentrum f\u00fcr Schlichtung e.V., Stra\u00dfburger Stra\u00dfe 8, 77694 Kehl am Rhein (<a href=\"https:\/\/www.verbraucher-schlichter.de\" target=\"_blank\" rel=\"noopener noreferrer\">https:\/\/www.verbraucher-schlichter.de<\/a>).<\/p><h4>Concept, design &amp; programming<\/h4><p><a href=\"http:\/\/www.vierdimensional.com\" target=\"_blank\" rel=\"noopener\">www.vierdimensional.com<\/a><\/p><h5>Image sources and rights<\/h5><p><span class=\"blue science-text\" data-t=\"detail-panel-content-author-name\">Daxiao Productions - stock.adobe.com<\/span><br \/><span class=\"blue science-text\" data-t=\"detail-panel-content-author-name\">juanjo - stock.adobe.com<\/span><br \/><span class=\"blue science-text\" data-t=\"detail-panel-content-author-name\"> panoKreativ - stock.adobe.com<\/span><br \/><span class=\"blue science-text\" data-t=\"detail-panel-content-author-name\">marog-pixcells - stock.adobe.com<\/span><\/p>\t\t\t\t\t\t\t\t<\/div>\n\t\t\t\t<\/div>\n\t\t\t\t\t<\/div>\n\t\t<\/div>\n\t\t\t\t\t<\/div>\n\t\t<\/section>\n\t\t\t\t<\/div>","protected":false},"excerpt":{"rendered":"<p>Impressum Angaben gem\u00e4\u00df \u00a7 5 TMG Alexander B\u00f6sch Hotel Gasthaus Adler Bundesstr. 15 88339 Bad Waldsee Kontakt Telefon: +49 7524 9980 Telefax: +49 7524 998 &#8211; 152 E-Mail: mail@hotel-gasthaus-adler.de Umsatzsteuer-ID Umsatzsteuer-Identifikationsnummer gem\u00e4\u00df \u00a7 27 a Umsatzsteuergesetz: DE291183930 Redaktionell verantwortlich Alexander B\u00f6sch EU-Streitschlichtung Die Europ\u00e4ische Kommission stellt eine Plattform zur Online-Streitbeilegung (OS) bereit: https:\/\/ec.europa.eu\/consumers\/odr\/. Unsere E-Mail-Adresse [&hellip;]<\/p>\n","protected":false},"author":3,"featured_media":0,"parent":0,"menu_order":0,"comment_status":"closed","ping_status":"closed","template":"","meta":{"footnotes":""},"class_list":["post-1564","page","type-page","status-publish","hentry"],"yoast_head":"<!-- This site is optimized with the Yoast SEO plugin v27.4 - https:\/\/yoast.com\/product\/yoast-seo-wordpress\/ -->\n<title>Impressum | Hotel Gasthaus Adler<\/title>\n<meta name=\"description\" content=\"Hier finden Sie das Impressum des Hotel Gasthaus Adler. Informationen zu Verantwortlichkeiten und Kontaktdaten.\" \/>\n<meta name=\"robots\" content=\"index, follow, max-snippet:-1, max-image-preview:large, max-video-preview:-1\" \/>\n<link rel=\"canonical\" href=\"https:\/\/hotel-gasthaus-adler.de\/en\/imprint\/\" \/>\n<meta property=\"og:locale\" content=\"en_GB\" \/>\n<meta property=\"og:type\" content=\"article\" \/>\n<meta property=\"og:title\" content=\"Impressum | Hotel Gasthaus Adler\" \/>\n<meta property=\"og:description\" content=\"Hier finden Sie das Impressum des Hotel Gasthaus Adler. Informationen zu Verantwortlichkeiten und Kontaktdaten.\" \/>\n<meta property=\"og:url\" content=\"https:\/\/hotel-gasthaus-adler.de\/en\/imprint\/\" \/>\n<meta property=\"og:site_name\" content=\"Hotel Gasthaus Adler\" \/>\n<meta property=\"article:modified_time\" content=\"2023-07-19T14:53:10+00:00\" \/>\n<meta property=\"og:image\" content=\"https:\/\/hotel-gasthaus-adler.de\/wp-content\/uploads\/2022\/12\/aktuelles-hotel-gasthaus-adler.jpg\" \/>\n\t<meta property=\"og:image:width\" content=\"623\" \/>\n\t<meta property=\"og:image:height\" content=\"390\" \/>\n\t<meta property=\"og:image:type\" content=\"image\/jpeg\" \/>\n<meta name=\"twitter:card\" content=\"summary_large_image\" \/>\n<meta name=\"twitter:label1\" content=\"Estimated reading time\" \/>\n\t<meta name=\"twitter:data1\" content=\"1 minute\" \/>\n<script type=\"application\/ld+json\" class=\"yoast-schema-graph\">{\"@context\":\"https:\\\/\\\/schema.org\",\"@graph\":[{\"@type\":\"WebPage\",\"@id\":\"https:\\\/\\\/hotel-gasthaus-adler.de\\\/impressum\\\/\",\"url\":\"https:\\\/\\\/hotel-gasthaus-adler.de\\\/impressum\\\/\",\"name\":\"Impressum | Hotel Gasthaus Adler\",\"isPartOf\":{\"@id\":\"https:\\\/\\\/hotel-gasthaus-adler.de\\\/#website\"},\"datePublished\":\"2023-01-16T15:09:25+00:00\",\"dateModified\":\"2023-07-19T14:53:10+00:00\",\"description\":\"Hier finden Sie das Impressum des Hotel Gasthaus Adler. Informationen zu Verantwortlichkeiten und Kontaktdaten.\",\"breadcrumb\":{\"@id\":\"https:\\\/\\\/hotel-gasthaus-adler.de\\\/impressum\\\/#breadcrumb\"},\"inLanguage\":\"en-GB\",\"potentialAction\":[{\"@type\":\"ReadAction\",\"target\":[\"https:\\\/\\\/hotel-gasthaus-adler.de\\\/impressum\\\/\"]}]},{\"@type\":\"BreadcrumbList\",\"@id\":\"https:\\\/\\\/hotel-gasthaus-adler.de\\\/impressum\\\/#breadcrumb\",\"itemListElement\":[{\"@type\":\"ListItem\",\"position\":1,\"name\":\"Startseite\",\"item\":\"https:\\\/\\\/hotel-gasthaus-adler.de\\\/\"},{\"@type\":\"ListItem\",\"position\":2,\"name\":\"Impressum\"}]},{\"@type\":\"WebSite\",\"@id\":\"https:\\\/\\\/hotel-gasthaus-adler.de\\\/#website\",\"url\":\"https:\\\/\\\/hotel-gasthaus-adler.de\\\/\",\"name\":\"Hotel Gasthaus Adler\",\"description\":\"Hotel Gasthaus Adler Bad Waldsee\",\"publisher\":{\"@id\":\"https:\\\/\\\/hotel-gasthaus-adler.de\\\/#organization\"},\"potentialAction\":[{\"@type\":\"SearchAction\",\"target\":{\"@type\":\"EntryPoint\",\"urlTemplate\":\"https:\\\/\\\/hotel-gasthaus-adler.de\\\/?s={search_term_string}\"},\"query-input\":{\"@type\":\"PropertyValueSpecification\",\"valueRequired\":true,\"valueName\":\"search_term_string\"}}],\"inLanguage\":\"en-GB\"},{\"@type\":\"Organization\",\"@id\":\"https:\\\/\\\/hotel-gasthaus-adler.de\\\/#organization\",\"name\":\"Hotel Gasthaus Adler\",\"url\":\"https:\\\/\\\/hotel-gasthaus-adler.de\\\/\",\"logo\":{\"@type\":\"ImageObject\",\"inLanguage\":\"en-GB\",\"@id\":\"https:\\\/\\\/hotel-gasthaus-adler.de\\\/#\\\/schema\\\/logo\\\/image\\\/\",\"url\":\"https:\\\/\\\/hotel-gasthaus-adler.de\\\/wp-content\\\/uploads\\\/2022\\\/12\\\/logo-gross-gasthaus-adler.svg\",\"contentUrl\":\"https:\\\/\\\/hotel-gasthaus-adler.de\\\/wp-content\\\/uploads\\\/2022\\\/12\\\/logo-gross-gasthaus-adler.svg\",\"width\":209,\"height\":282,\"caption\":\"Hotel Gasthaus Adler\"},\"image\":{\"@id\":\"https:\\\/\\\/hotel-gasthaus-adler.de\\\/#\\\/schema\\\/logo\\\/image\\\/\"}}]}<\/script>\n<!-- \/ Yoast SEO plugin. -->","yoast_head_json":{"title":"Imprint | Hotel Gasthaus Adler","description":"Here you can find the imprint of the Hotel Gasthaus Adler. Information on responsibilities and contact details.","robots":{"index":"index","follow":"follow","max-snippet":"max-snippet:-1","max-image-preview":"max-image-preview:large","max-video-preview":"max-video-preview:-1"},"canonical":"https:\/\/hotel-gasthaus-adler.de\/en\/imprint\/","og_locale":"en_GB","og_type":"article","og_title":"Impressum | Hotel Gasthaus Adler","og_description":"Hier finden Sie das Impressum des Hotel Gasthaus Adler. Informationen zu Verantwortlichkeiten und Kontaktdaten.","og_url":"https:\/\/hotel-gasthaus-adler.de\/en\/imprint\/","og_site_name":"Hotel Gasthaus Adler","article_modified_time":"2023-07-19T14:53:10+00:00","og_image":[{"width":623,"height":390,"url":"https:\/\/hotel-gasthaus-adler.de\/wp-content\/uploads\/2022\/12\/aktuelles-hotel-gasthaus-adler.jpg","type":"image\/jpeg"}],"twitter_card":"summary_large_image","twitter_misc":{"Estimated reading time":"1 minute"},"schema":{"@context":"https:\/\/schema.org","@graph":[{"@type":"WebPage","@id":"https:\/\/hotel-gasthaus-adler.de\/impressum\/","url":"https:\/\/hotel-gasthaus-adler.de\/impressum\/","name":"Imprint | Hotel Gasthaus Adler","isPartOf":{"@id":"https:\/\/hotel-gasthaus-adler.de\/#website"},"datePublished":"2023-01-16T15:09:25+00:00","dateModified":"2023-07-19T14:53:10+00:00","description":"Here you can find the imprint of the Hotel Gasthaus Adler. Information on responsibilities and contact details.","breadcrumb":{"@id":"https:\/\/hotel-gasthaus-adler.de\/impressum\/#breadcrumb"},"inLanguage":"en-GB","potentialAction":[{"@type":"ReadAction","target":["https:\/\/hotel-gasthaus-adler.de\/impressum\/"]}]},{"@type":"BreadcrumbList","@id":"https:\/\/hotel-gasthaus-adler.de\/impressum\/#breadcrumb","itemListElement":[{"@type":"ListItem","position":1,"name":"Startseite","item":"https:\/\/hotel-gasthaus-adler.de\/"},{"@type":"ListItem","position":2,"name":"Impressum"}]},{"@type":"WebSite","@id":"https:\/\/hotel-gasthaus-adler.de\/#website","url":"https:\/\/hotel-gasthaus-adler.de\/","name":"Hotel Gasthaus Adler","description":"Hotel Gasthaus Adler Bad Waldsee","publisher":{"@id":"https:\/\/hotel-gasthaus-adler.de\/#organization"},"potentialAction":[{"@type":"SearchAction","target":{"@type":"EntryPoint","urlTemplate":"https:\/\/hotel-gasthaus-adler.de\/?s={search_term_string}"},"query-input":{"@type":"PropertyValueSpecification","valueRequired":true,"valueName":"search_term_string"}}],"inLanguage":"en-GB"},{"@type":"Organization","@id":"https:\/\/hotel-gasthaus-adler.de\/#organization","name":"Hotel Gasthaus Adler","url":"https:\/\/hotel-gasthaus-adler.de\/","logo":{"@type":"ImageObject","inLanguage":"en-GB","@id":"https:\/\/hotel-gasthaus-adler.de\/#\/schema\/logo\/image\/","url":"https:\/\/hotel-gasthaus-adler.de\/wp-content\/uploads\/2022\/12\/logo-gross-gasthaus-adler.svg","contentUrl":"https:\/\/hotel-gasthaus-adler.de\/wp-content\/uploads\/2022\/12\/logo-gross-gasthaus-adler.svg","width":209,"height":282,"caption":"Hotel Gasthaus Adler"},"image":{"@id":"https:\/\/hotel-gasthaus-adler.de\/#\/schema\/logo\/image\/"}}]}},"_links":{"self":[{"href":"https:\/\/hotel-gasthaus-adler.de\/en\/wp-json\/wp\/v2\/pages\/1564","targetHints":{"allow":["GET"]}}],"collection":[{"href":"https:\/\/hotel-gasthaus-adler.de\/en\/wp-json\/wp\/v2\/pages"}],"about":[{"href":"https:\/\/hotel-gasthaus-adler.de\/en\/wp-json\/wp\/v2\/types\/page"}],"author":[{"embeddable":true,"href":"https:\/\/hotel-gasthaus-adler.de\/en\/wp-json\/wp\/v2\/users\/3"}],"replies":[{"embeddable":true,"href":"https:\/\/hotel-gasthaus-adler.de\/en\/wp-json\/wp\/v2\/comments?post=1564"}],"version-history":[{"count":1,"href":"https:\/\/hotel-gasthaus-adler.de\/en\/wp-json\/wp\/v2\/pages\/1564\/revisions"}],"predecessor-version":[{"id":4278,"href":"https:\/\/hotel-gasthaus-adler.de\/en\/wp-json\/wp\/v2\/pages\/1564\/revisions\/4278"}],"wp:attachment":[{"href":"https:\/\/hotel-gasthaus-adler.de\/en\/wp-json\/wp\/v2\/media?parent=1564"}],"curies":[{"name":"wp","href":"https:\/\/api.w.org\/{rel}","templated":true}]}}