{"id":2806,"date":"2023-03-06T06:48:10","date_gmt":"2023-03-06T06:48:10","guid":{"rendered":"http:\/\/gasthaus-adler.4dw.de\/?page_id=2806"},"modified":"2024-01-11T23:08:04","modified_gmt":"2024-01-11T22:08:04","slug":"golf-3-tage-3-plaetze","status":"publish","type":"page","link":"https:\/\/hotel-gasthaus-adler.de\/en\/golf-3-days-3-places\/","title":{"rendered":"Golf \"3 days - 3 courses"},"content":{"rendered":"<div data-elementor-type=\"wp-page\" data-elementor-id=\"2806\" class=\"elementor elementor-2806\" data-elementor-post-type=\"page\">\n\t\t\t\t\t\t<section class=\"elementor-section elementor-top-section elementor-element elementor-element-136b2b3 elementor-section-full_width elementor-section-height-min-height elementor-section-height-default elementor-section-items-middle\" data-id=\"136b2b3\" data-element_type=\"section\" data-e-type=\"section\" data-settings=\"{&quot;background_background&quot;:&quot;classic&quot;}\">\n\t\t\t\t\t\t\t<div class=\"elementor-background-overlay\"><\/div>\n\t\t\t\t\t\t\t<div class=\"elementor-container elementor-column-gap-default\">\n\t\t\t\t\t<div class=\"elementor-column elementor-col-100 elementor-top-column elementor-element elementor-element-c7daba5\" data-id=\"c7daba5\" data-element_type=\"column\" data-e-type=\"column\">\n\t\t\t<div class=\"elementor-widget-wrap elementor-element-populated\">\n\t\t\t\t\t\t<div class=\"elementor-element elementor-element-6cb7a77 elementor-widget elementor-widget-heading\" data-id=\"6cb7a77\" data-element_type=\"widget\" data-e-type=\"widget\" data-widget_type=\"heading.default\">\n\t\t\t\t<div class=\"elementor-widget-container\">\n\t\t\t\t\t<h1 class=\"elementor-heading-title elementor-size-default\">arragements<br>\n___<\/h1>\t\t\t\t<\/div>\n\t\t\t\t<\/div>\n\t\t\t\t<div class=\"elementor-element elementor-element-d02f6ef elementor-widget elementor-widget-heading\" data-id=\"d02f6ef\" data-element_type=\"widget\" data-e-type=\"widget\" data-widget_type=\"heading.default\">\n\t\t\t\t<div class=\"elementor-widget-container\">\n\t\t\t\t\t<h2 class=\"elementor-heading-title elementor-size-default\">Golf \"3 days <br>- 3 seats\"\n<\/h2>\t\t\t\t<\/div>\n\t\t\t\t<\/div>\n\t\t\t\t\t<\/div>\n\t\t<\/div>\n\t\t\t\t\t<\/div>\n\t\t<\/section>\n\t\t\t\t<section class=\"elementor-section elementor-top-section elementor-element elementor-element-1e129097 elementor-section-height-min-height elementor-section-items-top elementor-section-boxed elementor-section-height-default\" data-id=\"1e129097\" data-element_type=\"section\" data-e-type=\"section\">\n\t\t\t\t\t\t<div class=\"elementor-container elementor-column-gap-no\">\n\t\t\t\t\t<div class=\"elementor-column elementor-col-100 elementor-top-column elementor-element elementor-element-3c701a67\" data-id=\"3c701a67\" data-element_type=\"column\" data-e-type=\"column\">\n\t\t\t<div class=\"elementor-widget-wrap elementor-element-populated\">\n\t\t\t\t\t\t<div class=\"elementor-element elementor-element-38e864b5 e-transform no-translation elementor-widget elementor-widget-global elementor-global-664 elementor-widget-html\" data-id=\"38e864b5\" data-element_type=\"widget\" data-e-type=\"widget\" data-settings=\"{&quot;_transform_translateY_effect&quot;:{&quot;unit&quot;:&quot;%&quot;,&quot;size&quot;:-50,&quot;sizes&quot;:[]},&quot;_transform_translateY_effect_tablet&quot;:{&quot;unit&quot;:&quot;%&quot;,&quot;size&quot;:&quot;&quot;,&quot;sizes&quot;:[]},&quot;_transform_translateY_effect_mobile&quot;:{&quot;unit&quot;:&quot;%&quot;,&quot;size&quot;:&quot;&quot;,&quot;sizes&quot;:[]},&quot;_transform_translateX_effect&quot;:{&quot;unit&quot;:&quot;px&quot;,&quot;size&quot;:&quot;&quot;,&quot;sizes&quot;:[]},&quot;_transform_translateX_effect_tablet&quot;:{&quot;unit&quot;:&quot;px&quot;,&quot;size&quot;:&quot;&quot;,&quot;sizes&quot;:[]},&quot;_transform_translateX_effect_mobile&quot;:{&quot;unit&quot;:&quot;px&quot;,&quot;size&quot;:&quot;&quot;,&quot;sizes&quot;:[]}}\" data-widget_type=\"html.default\" data-no-translation=\"\" data-no-auto-translation=\"\">\n\t\t\t\t<div class=\"elementor-widget-container\">\n\t\t\t\t\t<script src=\"https:\/\/js-sdk.dirs21.de\/40790d09-ead7-4fa8-a379-26dd17c698f0\" type=\"text\/javascript\" async defer><\/script>\n\n<div id=\"d21-Startseite\">\n<div id=\"d21-quickbook\"><\/div>\n<\/div>\n<script>\n    var observer = new MutationObserver(function (mutations) {\n        mutations.forEach(function (mutation) {\n          mutation.addedNodes.forEach(function (node) {\n            var lookup = document.querySelector('#d21-book-button');\n            if (lookup) {\n              lookup.innerHTML = \"Buchen\";\n              observer.disconnect();\n            }\n          });\n        });\n    });\n    \n    observer.observe(document.body, { childList: true });\n<\/script>\t\t\t\t<\/div>\n\t\t\t\t<\/div>\n\t\t\t\t\t<\/div>\n\t\t<\/div>\n\t\t\t\t\t<\/div>\n\t\t<\/section>\n\t\t\t\t<section class=\"elementor-section elementor-top-section elementor-element elementor-element-70e377d elementor-section-boxed elementor-section-height-default elementor-section-height-default\" data-id=\"70e377d\" data-element_type=\"section\" data-e-type=\"section\">\n\t\t\t\t\t\t<div class=\"elementor-container elementor-column-gap-default\">\n\t\t\t\t\t<div class=\"elementor-column elementor-col-100 elementor-top-column elementor-element elementor-element-a5c25c1\" data-id=\"a5c25c1\" data-element_type=\"column\" data-e-type=\"column\">\n\t\t\t<div class=\"elementor-widget-wrap elementor-element-populated\">\n\t\t\t\t\t\t<div class=\"elementor-element elementor-element-b6fa7e4 elementor-widget elementor-widget-text-editor\" data-id=\"b6fa7e4\" data-element_type=\"widget\" data-e-type=\"widget\" data-widget_type=\"text-editor.default\">\n\t\t\t\t<div class=\"elementor-widget-container\">\n\t\t\t\t\t\t\t\t\t<p>Enjoy 3 sporty days in the heart of the Upper Swabia golf region! You stay in our spacious double rooms with a view of the garden and help yourself to our rich breakfast buffet.<\/p><p>So that you are also fortified during your game on the Upper Swabian golf courses, we provide you with a sportsman's lunch package every day. In the evening, we will spoil you in our cosy restaurant or in the eagle garden under ancient trees with the best from our kitchen and cellar, while you relax and reflect on the day in a convivial atmosphere.<\/p>\t\t\t\t\t\t\t\t<\/div>\n\t\t\t\t<\/div>\n\t\t\t\t\t<\/div>\n\t\t<\/div>\n\t\t\t\t\t<\/div>\n\t\t<\/section>\n\t\t\t\t<section class=\"elementor-section elementor-top-section elementor-element elementor-element-91de138 elementor-section-boxed elementor-section-height-default elementor-section-height-default\" data-id=\"91de138\" data-element_type=\"section\" data-e-type=\"section\">\n\t\t\t\t\t\t<div class=\"elementor-container elementor-column-gap-default\">\n\t\t\t\t\t<div class=\"elementor-column elementor-col-100 elementor-top-column elementor-element elementor-element-283b164\" data-id=\"283b164\" data-element_type=\"column\" data-e-type=\"column\">\n\t\t\t<div class=\"elementor-widget-wrap elementor-element-populated\">\n\t\t\t\t\t\t<div class=\"elementor-element elementor-element-2e78574 elementor-widget elementor-widget-heading\" data-id=\"2e78574\" data-element_type=\"widget\" data-e-type=\"widget\" data-widget_type=\"heading.default\">\n\t\t\t\t<div class=\"elementor-widget-container\">\n\t\t\t\t\t<h2 class=\"elementor-heading-title elementor-size-default\">Included services:<\/h2>\t\t\t\t<\/div>\n\t\t\t\t<\/div>\n\t\t\t\t\t<\/div>\n\t\t<\/div>\n\t\t\t\t\t<\/div>\n\t\t<\/section>\n\t\t\t\t<section class=\"elementor-section elementor-top-section elementor-element elementor-element-af843c2 elementor-section-boxed elementor-section-height-default elementor-section-height-default\" data-id=\"af843c2\" data-element_type=\"section\" data-e-type=\"section\">\n\t\t\t\t\t\t<div class=\"elementor-container elementor-column-gap-default\">\n\t\t\t\t\t<div class=\"elementor-column elementor-col-50 elementor-top-column elementor-element elementor-element-2c8592b\" data-id=\"2c8592b\" data-element_type=\"column\" data-e-type=\"column\">\n\t\t\t<div class=\"elementor-widget-wrap elementor-element-populated\">\n\t\t\t\t\t\t<div class=\"elementor-element elementor-element-a012724 elementor-icon-list--layout-traditional elementor-list-item-link-full_width elementor-widget elementor-widget-icon-list\" data-id=\"a012724\" data-element_type=\"widget\" data-e-type=\"widget\" data-widget_type=\"icon-list.default\">\n\t\t\t\t<div class=\"elementor-widget-container\">\n\t\t\t\t\t\t\t<ul class=\"elementor-icon-list-items\">\n\t\t\t\t\t\t\t<li class=\"elementor-icon-list-item\">\n\t\t\t\t\t\t\t\t\t\t\t<span class=\"elementor-icon-list-icon\">\n\t\t\t\t\t\t\t<i aria-hidden=\"true\" class=\"fas fa-check\"><\/i>\t\t\t\t\t\t<\/span>\n\t\t\t\t\t\t\t\t\t\t<span class=\"elementor-icon-list-text\">Fruit bowl in the room on arrival<\/span>\n\t\t\t\t\t\t\t\t\t<\/li>\n\t\t\t\t\t\t\t\t<li class=\"elementor-icon-list-item\">\n\t\t\t\t\t\t\t\t\t\t\t<span class=\"elementor-icon-list-icon\">\n\t\t\t\t\t\t\t<i aria-hidden=\"true\" class=\"fas fa-check\"><\/i>\t\t\t\t\t\t<\/span>\n\t\t\t\t\t\t\t\t\t\t<span class=\"elementor-icon-list-text\">3 nights in a double room with our rich breakfast buffet<\/span>\n\t\t\t\t\t\t\t\t\t<\/li>\n\t\t\t\t\t\t\t\t<li class=\"elementor-icon-list-item\">\n\t\t\t\t\t\t\t\t\t\t\t<span class=\"elementor-icon-list-icon\">\n\t\t\t\t\t\t\t<i aria-hidden=\"true\" class=\"fas fa-check\"><\/i>\t\t\t\t\t\t<\/span>\n\t\t\t\t\t\t\t\t\t\t<span class=\"elementor-icon-list-text\">every evening aperitif and 4-course menu<\/span>\n\t\t\t\t\t\t\t\t\t<\/li>\n\t\t\t\t\t\t\t\t<li class=\"elementor-icon-list-item\">\n\t\t\t\t\t\t\t\t\t\t\t<span class=\"elementor-icon-list-icon\">\n\t\t\t\t\t\t\t<i aria-hidden=\"true\" class=\"fas fa-check\"><\/i>\t\t\t\t\t\t<\/span>\n\t\t\t\t\t\t\t\t\t\t<span class=\"elementor-icon-list-text\">3 x green fee reduction on the Upper Swabian golf courses<\/span>\n\t\t\t\t\t\t\t\t\t<\/li>\n\t\t\t\t\t\t\t\t<li class=\"elementor-icon-list-item\">\n\t\t\t\t\t\t\t\t\t\t\t<span class=\"elementor-icon-list-icon\">\n\t\t\t\t\t\t\t<i aria-hidden=\"true\" class=\"fas fa-check\"><\/i>\t\t\t\t\t\t<\/span>\n\t\t\t\t\t\t\t\t\t\t<span class=\"elementor-icon-list-text\">3 x sportsman's packed lunch for the round<\/span>\n\t\t\t\t\t\t\t\t\t<\/li>\n\t\t\t\t\t\t<\/ul>\n\t\t\t\t\t\t<\/div>\n\t\t\t\t<\/div>\n\t\t\t\t\t<\/div>\n\t\t<\/div>\n\t\t\t\t<div class=\"elementor-column elementor-col-50 elementor-top-column elementor-element elementor-element-49c5048\" data-id=\"49c5048\" data-element_type=\"column\" data-e-type=\"column\">\n\t\t\t<div class=\"elementor-widget-wrap elementor-element-populated\">\n\t\t\t\t\t\t<div class=\"elementor-element elementor-element-ca08d2d elementor-icon-list--layout-traditional elementor-list-item-link-full_width elementor-widget elementor-widget-icon-list\" data-id=\"ca08d2d\" data-element_type=\"widget\" data-e-type=\"widget\" data-widget_type=\"icon-list.default\">\n\t\t\t\t<div class=\"elementor-widget-container\">\n\t\t\t\t\t\t\t<ul class=\"elementor-icon-list-items\">\n\t\t\t\t\t\t\t<li class=\"elementor-icon-list-item\">\n\t\t\t\t\t\t\t\t\t\t\t<span class=\"elementor-icon-list-icon\">\n\t\t\t\t\t\t\t<i aria-hidden=\"true\" class=\"fas fa-check\"><\/i>\t\t\t\t\t\t<\/span>\n\t\t\t\t\t\t\t\t\t\t<span class=\"elementor-icon-list-text\">Visitor's tax \/ Tourist tax<\/span>\n\t\t\t\t\t\t\t\t\t<\/li>\n\t\t\t\t\t\t\t\t<li class=\"elementor-icon-list-item\">\n\t\t\t\t\t\t\t\t\t\t\t<span class=\"elementor-icon-list-icon\">\n\t\t\t\t\t\t\t<i aria-hidden=\"true\" class=\"fas fa-check\"><\/i>\t\t\t\t\t\t<\/span>\n\t\t\t\t\t\t\t\t\t\t<span class=\"elementor-icon-list-text\">Free parking directly at the hotel<\/span>\n\t\t\t\t\t\t\t\t\t<\/li>\n\t\t\t\t\t\t\t\t<li class=\"elementor-icon-list-item\">\n\t\t\t\t\t\t\t\t\t\t\t<span class=\"elementor-icon-list-icon\">\n\t\t\t\t\t\t\t<i aria-hidden=\"true\" class=\"fas fa-check\"><\/i>\t\t\t\t\t\t<\/span>\n\t\t\t\t\t\t\t\t\t\t<span class=\"elementor-icon-list-text\">Free Wi-Fi access throughout the building<\/span>\n\t\t\t\t\t\t\t\t\t<\/li>\n\t\t\t\t\t\t<\/ul>\n\t\t\t\t\t\t<\/div>\n\t\t\t\t<\/div>\n\t\t\t\t\t<\/div>\n\t\t<\/div>\n\t\t\t\t\t<\/div>\n\t\t<\/section>\n\t\t\t\t<section class=\"elementor-section elementor-top-section elementor-element elementor-element-d20143c elementor-section-boxed elementor-section-height-default elementor-section-height-default\" data-id=\"d20143c\" data-element_type=\"section\" data-e-type=\"section\">\n\t\t\t\t\t\t<div class=\"elementor-container elementor-column-gap-default\">\n\t\t\t\t\t<div class=\"elementor-column elementor-col-100 elementor-top-column elementor-element elementor-element-875528a\" data-id=\"875528a\" data-element_type=\"column\" data-e-type=\"column\">\n\t\t\t<div class=\"elementor-widget-wrap elementor-element-populated\">\n\t\t\t\t\t\t<div class=\"elementor-element elementor-element-ae66d1f elementor-widget elementor-widget-text-editor\" data-id=\"ae66d1f\" data-element_type=\"widget\" data-e-type=\"widget\" data-widget_type=\"text-editor.default\">\n\t\t\t\t<div class=\"elementor-widget-container\">\n\t\t\t\t\t\t\t\t\t<p><strong><b>EUR 359.00 per person<\/b><\/strong><strong style=\"color: var( --e-global-color-text ); font-family: var( --e-global-typography-text-font-family ), Sans-serif; font-size: var( --e-global-typography-text-font-size );\">.<\/strong><\/p>\n<p><strong style=\"color: var( --e-global-color-text ); font-family: var( --e-global-typography-text-font-family ), Sans-serif; font-size: var( --e-global-typography-text-font-size );\"><br><\/strong><\/p>\n<table class=\"contenttable\">\n<tbody>\n<tr>\n<td>Additional costs for overnight stay in a single room:<\/td>\n<td>&nbsp;<\/td>\n<td>24,00 \u20ac \/ night<\/td>\n<\/tr>\n<tr>\n<td>Extra night in double room incl. breakfast buffet and 4-course menu:<\/td>\n<td>&nbsp;<\/td>\n<td>106,00 \u20ac<\/td>\n<\/tr>\n<\/tbody>\n<\/table>\n<p>Information on the Gulf region:<br><a class=\"external-link\" title=\"To the page\" href=\"http:\/\/www.golfregion-oberschwaben.de\/links.html\" target=\"_blank\" rel=\"noopener\">www.golfregion-oberschwaben.de<\/a><\/p>\t\t\t\t\t\t\t\t<\/div>\n\t\t\t\t<\/div>\n\t\t\t\t<div class=\"elementor-element elementor-element-b3fb268 elementor-align-center elementor-widget elementor-widget-button\" data-id=\"b3fb268\" data-element_type=\"widget\" data-e-type=\"widget\" data-widget_type=\"button.default\">\n\t\t\t\t<div class=\"elementor-widget-container\">\n\t\t\t\t\t\t\t\t\t<div class=\"elementor-button-wrapper\">\n\t\t\t\t\t<a class=\"elementor-button elementor-button-link elementor-size-sm\" href=\"https:\/\/hotel-gasthaus-adler.de\/en\/contact\/\">\n\t\t\t\t\t\t<span class=\"elementor-button-content-wrapper\">\n\t\t\t\t\t\t\t\t\t<span class=\"elementor-button-text\">Request now<\/span>\n\t\t\t\t\t<\/span>\n\t\t\t\t\t<\/a>\n\t\t\t\t<\/div>\n\t\t\t\t\t\t\t\t<\/div>\n\t\t\t\t<\/div>\n\t\t\t\t\t<\/div>\n\t\t<\/div>\n\t\t\t\t\t<\/div>\n\t\t<\/section>\n\t\t\t\t<\/div>","protected":false},"excerpt":{"rendered":"<p>arragements ___ Golf \u201e3 Tage &#8211; 3 Pl\u00e4tze\u201c Genie\u00dfen Sie 3 sportliche Tage im Herzen der Golfregion Oberschwaben! Sie wohnen in unseren ger\u00e4umigen Doppelzimmern mit Blick in den Garten und bedienen sich an unserem reichhaltigen Fr\u00fchst\u00fccksbuffet. Damit Sie auch w\u00e4hrend des Spiels auf den oberschw\u00e4bischen Golfpl\u00e4tzen gest\u00e4rkt sind, versorgen wir Sie t\u00e4glich mit einem Sportler-Lunchpaket. [&hellip;]<\/p>\n","protected":false},"author":3,"featured_media":0,"parent":0,"menu_order":0,"comment_status":"closed","ping_status":"closed","template":"","meta":{"footnotes":""},"class_list":["post-2806","page","type-page","status-publish","hentry"],"yoast_head":"<!-- This site is optimized with the Yoast SEO plugin v27.5 - https:\/\/yoast.com\/product\/yoast-seo-wordpress\/ -->\n<title>Golf: 3 Tage, 3 Pl\u00e4tze | Hotel Gasthaus Adler<\/title>\n<meta name=\"description\" content=\"Verbinden Sie Ihren Aufenthalt im Hotel Gasthaus Adler mit Golferlebnissen auf drei erstklassigen Golfpl\u00e4tzen. Genuss und Golf vereint.\" \/>\n<meta name=\"robots\" content=\"index, follow, max-snippet:-1, max-image-preview:large, max-video-preview:-1\" \/>\n<link rel=\"canonical\" href=\"https:\/\/hotel-gasthaus-adler.de\/en\/golf-3-days-3-places\/\" \/>\n<meta property=\"og:locale\" content=\"en_GB\" \/>\n<meta property=\"og:type\" content=\"article\" \/>\n<meta property=\"og:title\" content=\"Golf: 3 Tage, 3 Pl\u00e4tze | Hotel Gasthaus Adler\" \/>\n<meta property=\"og:description\" content=\"Verbinden Sie Ihren Aufenthalt im Hotel Gasthaus Adler mit Golferlebnissen auf drei erstklassigen Golfpl\u00e4tzen. Genuss und Golf vereint.\" \/>\n<meta property=\"og:url\" content=\"https:\/\/hotel-gasthaus-adler.de\/en\/golf-3-days-3-places\/\" \/>\n<meta property=\"og:site_name\" content=\"Hotel Gasthaus Adler\" \/>\n<meta property=\"article:modified_time\" content=\"2024-01-11T22:08:04+00:00\" \/>\n<meta property=\"og:image\" content=\"https:\/\/hotel-gasthaus-adler.de\/wp-content\/uploads\/2022\/12\/aktuelles-hotel-gasthaus-adler.jpg\" \/>\n\t<meta property=\"og:image:width\" content=\"623\" \/>\n\t<meta property=\"og:image:height\" content=\"390\" \/>\n\t<meta property=\"og:image:type\" content=\"image\/jpeg\" \/>\n<meta name=\"twitter:card\" content=\"summary_large_image\" \/>\n<meta name=\"twitter:label1\" content=\"Estimated reading time\" \/>\n\t<meta name=\"twitter:data1\" content=\"2 minutes\" \/>\n<script type=\"application\/ld+json\" class=\"yoast-schema-graph\">{\"@context\":\"https:\\\/\\\/schema.org\",\"@graph\":[{\"@type\":\"WebPage\",\"@id\":\"https:\\\/\\\/hotel-gasthaus-adler.de\\\/golf-3-tage-3-plaetze\\\/\",\"url\":\"https:\\\/\\\/hotel-gasthaus-adler.de\\\/golf-3-tage-3-plaetze\\\/\",\"name\":\"Golf: 3 Tage, 3 Pl\u00e4tze | Hotel Gasthaus Adler\",\"isPartOf\":{\"@id\":\"https:\\\/\\\/hotel-gasthaus-adler.de\\\/#website\"},\"datePublished\":\"2023-03-06T06:48:10+00:00\",\"dateModified\":\"2024-01-11T22:08:04+00:00\",\"description\":\"Verbinden Sie Ihren Aufenthalt im Hotel Gasthaus Adler mit Golferlebnissen auf drei erstklassigen Golfpl\u00e4tzen. Genuss und Golf vereint.\",\"breadcrumb\":{\"@id\":\"https:\\\/\\\/hotel-gasthaus-adler.de\\\/golf-3-tage-3-plaetze\\\/#breadcrumb\"},\"inLanguage\":\"en-GB\",\"potentialAction\":[{\"@type\":\"ReadAction\",\"target\":[\"https:\\\/\\\/hotel-gasthaus-adler.de\\\/golf-3-tage-3-plaetze\\\/\"]}]},{\"@type\":\"BreadcrumbList\",\"@id\":\"https:\\\/\\\/hotel-gasthaus-adler.de\\\/golf-3-tage-3-plaetze\\\/#breadcrumb\",\"itemListElement\":[{\"@type\":\"ListItem\",\"position\":1,\"name\":\"Startseite\",\"item\":\"https:\\\/\\\/hotel-gasthaus-adler.de\\\/\"},{\"@type\":\"ListItem\",\"position\":2,\"name\":\"Golf \u201e3 Tage &#8211; 3 Pl\u00e4tze\u201c\"}]},{\"@type\":\"WebSite\",\"@id\":\"https:\\\/\\\/hotel-gasthaus-adler.de\\\/#website\",\"url\":\"https:\\\/\\\/hotel-gasthaus-adler.de\\\/\",\"name\":\"Hotel Gasthaus Adler\",\"description\":\"Hotel Gasthaus Adler Bad Waldsee\",\"publisher\":{\"@id\":\"https:\\\/\\\/hotel-gasthaus-adler.de\\\/#organization\"},\"potentialAction\":[{\"@type\":\"SearchAction\",\"target\":{\"@type\":\"EntryPoint\",\"urlTemplate\":\"https:\\\/\\\/hotel-gasthaus-adler.de\\\/?s={search_term_string}\"},\"query-input\":{\"@type\":\"PropertyValueSpecification\",\"valueRequired\":true,\"valueName\":\"search_term_string\"}}],\"inLanguage\":\"en-GB\"},{\"@type\":\"Organization\",\"@id\":\"https:\\\/\\\/hotel-gasthaus-adler.de\\\/#organization\",\"name\":\"Hotel Gasthaus Adler\",\"url\":\"https:\\\/\\\/hotel-gasthaus-adler.de\\\/\",\"logo\":{\"@type\":\"ImageObject\",\"inLanguage\":\"en-GB\",\"@id\":\"https:\\\/\\\/hotel-gasthaus-adler.de\\\/#\\\/schema\\\/logo\\\/image\\\/\",\"url\":\"https:\\\/\\\/hotel-gasthaus-adler.de\\\/wp-content\\\/uploads\\\/2022\\\/12\\\/logo-gross-gasthaus-adler.svg\",\"contentUrl\":\"https:\\\/\\\/hotel-gasthaus-adler.de\\\/wp-content\\\/uploads\\\/2022\\\/12\\\/logo-gross-gasthaus-adler.svg\",\"width\":209,\"height\":282,\"caption\":\"Hotel Gasthaus Adler\"},\"image\":{\"@id\":\"https:\\\/\\\/hotel-gasthaus-adler.de\\\/#\\\/schema\\\/logo\\\/image\\\/\"}}]}<\/script>\n<!-- \/ Yoast SEO plugin. -->","yoast_head_json":{"title":"Golf: 3 days, 3 courses | Hotel Gasthaus Adler","description":"Combine your stay at the Hotel Gasthaus Adler with golfing experiences on three first-class golf courses. Pleasure and golf combined.","robots":{"index":"index","follow":"follow","max-snippet":"max-snippet:-1","max-image-preview":"max-image-preview:large","max-video-preview":"max-video-preview:-1"},"canonical":"https:\/\/hotel-gasthaus-adler.de\/en\/golf-3-days-3-places\/","og_locale":"en_GB","og_type":"article","og_title":"Golf: 3 Tage, 3 Pl\u00e4tze | Hotel Gasthaus Adler","og_description":"Verbinden Sie Ihren Aufenthalt im Hotel Gasthaus Adler mit Golferlebnissen auf drei erstklassigen Golfpl\u00e4tzen. Genuss und Golf vereint.","og_url":"https:\/\/hotel-gasthaus-adler.de\/en\/golf-3-days-3-places\/","og_site_name":"Hotel Gasthaus Adler","article_modified_time":"2024-01-11T22:08:04+00:00","og_image":[{"width":623,"height":390,"url":"https:\/\/hotel-gasthaus-adler.de\/wp-content\/uploads\/2022\/12\/aktuelles-hotel-gasthaus-adler.jpg","type":"image\/jpeg"}],"twitter_card":"summary_large_image","twitter_misc":{"Estimated reading time":"2 minutes"},"schema":{"@context":"https:\/\/schema.org","@graph":[{"@type":"WebPage","@id":"https:\/\/hotel-gasthaus-adler.de\/golf-3-tage-3-plaetze\/","url":"https:\/\/hotel-gasthaus-adler.de\/golf-3-tage-3-plaetze\/","name":"Golf: 3 days, 3 courses | Hotel Gasthaus Adler","isPartOf":{"@id":"https:\/\/hotel-gasthaus-adler.de\/#website"},"datePublished":"2023-03-06T06:48:10+00:00","dateModified":"2024-01-11T22:08:04+00:00","description":"Combine your stay at the Hotel Gasthaus Adler with golfing experiences on three first-class golf courses. Pleasure and golf combined.","breadcrumb":{"@id":"https:\/\/hotel-gasthaus-adler.de\/golf-3-tage-3-plaetze\/#breadcrumb"},"inLanguage":"en-GB","potentialAction":[{"@type":"ReadAction","target":["https:\/\/hotel-gasthaus-adler.de\/golf-3-tage-3-plaetze\/"]}]},{"@type":"BreadcrumbList","@id":"https:\/\/hotel-gasthaus-adler.de\/golf-3-tage-3-plaetze\/#breadcrumb","itemListElement":[{"@type":"ListItem","position":1,"name":"Startseite","item":"https:\/\/hotel-gasthaus-adler.de\/"},{"@type":"ListItem","position":2,"name":"Golf \u201e3 Tage &#8211; 3 Pl\u00e4tze\u201c"}]},{"@type":"WebSite","@id":"https:\/\/hotel-gasthaus-adler.de\/#website","url":"https:\/\/hotel-gasthaus-adler.de\/","name":"Hotel Gasthaus Adler","description":"Hotel Gasthaus Adler Bad Waldsee","publisher":{"@id":"https:\/\/hotel-gasthaus-adler.de\/#organization"},"potentialAction":[{"@type":"SearchAction","target":{"@type":"EntryPoint","urlTemplate":"https:\/\/hotel-gasthaus-adler.de\/?s={search_term_string}"},"query-input":{"@type":"PropertyValueSpecification","valueRequired":true,"valueName":"search_term_string"}}],"inLanguage":"en-GB"},{"@type":"Organization","@id":"https:\/\/hotel-gasthaus-adler.de\/#organization","name":"Hotel Gasthaus Adler","url":"https:\/\/hotel-gasthaus-adler.de\/","logo":{"@type":"ImageObject","inLanguage":"en-GB","@id":"https:\/\/hotel-gasthaus-adler.de\/#\/schema\/logo\/image\/","url":"https:\/\/hotel-gasthaus-adler.de\/wp-content\/uploads\/2022\/12\/logo-gross-gasthaus-adler.svg","contentUrl":"https:\/\/hotel-gasthaus-adler.de\/wp-content\/uploads\/2022\/12\/logo-gross-gasthaus-adler.svg","width":209,"height":282,"caption":"Hotel Gasthaus Adler"},"image":{"@id":"https:\/\/hotel-gasthaus-adler.de\/#\/schema\/logo\/image\/"}}]}},"_links":{"self":[{"href":"https:\/\/hotel-gasthaus-adler.de\/en\/wp-json\/wp\/v2\/pages\/2806","targetHints":{"allow":["GET"]}}],"collection":[{"href":"https:\/\/hotel-gasthaus-adler.de\/en\/wp-json\/wp\/v2\/pages"}],"about":[{"href":"https:\/\/hotel-gasthaus-adler.de\/en\/wp-json\/wp\/v2\/types\/page"}],"author":[{"embeddable":true,"href":"https:\/\/hotel-gasthaus-adler.de\/en\/wp-json\/wp\/v2\/users\/3"}],"replies":[{"embeddable":true,"href":"https:\/\/hotel-gasthaus-adler.de\/en\/wp-json\/wp\/v2\/comments?post=2806"}],"version-history":[{"count":4,"href":"https:\/\/hotel-gasthaus-adler.de\/en\/wp-json\/wp\/v2\/pages\/2806\/revisions"}],"predecessor-version":[{"id":4525,"href":"https:\/\/hotel-gasthaus-adler.de\/en\/wp-json\/wp\/v2\/pages\/2806\/revisions\/4525"}],"wp:attachment":[{"href":"https:\/\/hotel-gasthaus-adler.de\/en\/wp-json\/wp\/v2\/media?parent=2806"}],"curies":[{"name":"wp","href":"https:\/\/api.w.org\/{rel}","templated":true}]}}